{"id":3728,"date":"2022-06-17T12:03:44","date_gmt":"2022-06-17T17:03:44","guid":{"rendered":"https:\/\/handstotheplow.wpenginepowered.com\/?page_id=3728"},"modified":"2025-09-29T12:48:03","modified_gmt":"2025-09-29T17:48:03","slug":"preachers-guide","status":"publish","type":"page","link":"https:\/\/handstotheplow.org\/om\/teaching-resources\/spanish\/preachers-guide\/","title":{"rendered":"Preacher&#8217;s Guide"},"content":{"rendered":"<h1>\n\t\t\t\tQabeenya Barsiisuu Ispeen\n\t\t\t<\/h1>\n\t\t\t\t<img decoding=\"async\" src=\"https:\/\/handstotheplow.wpenginepowered.com\/wp-content\/uploads\/Preachers-Guide-3C-logo.jpg\" alt=\"preachers guide logo\" itemprop=\"image\" title=\"Qajeelfama Lallaba - 3C logo\" onerror=\"this.style.display='none'\" loading=\"lazy\" \/>\n<h2>\n\t\t\tEl p\u00e1rrafo seensa de la p\u00e1gina de la Gu\u00eda de Predicador:\t<\/h2>\n\t<p>Una Gu\u00eda de Predicador no es un deebi&#039;ee jalqabuu panor\u00e1mico. En cambio, estos se centran en un libro de la Biblia o en una porci\u00f3n de un libro de la Biblia. Fakkeenyaaf, Gu\u00eda de Predicador kan Uumama Uumamaa 1-4. Laas Guiyaas de Predikaador funcionan como un paastarii de confianza senado a tu lado mientras lees la Palabra de Dios. El objetivo es ense\u00f1ar lo que ense\u00f1a el texto en cada vers\u00edculo. Laas Gu\u00edas de Predicador tambi\u00e9n llevan al lector a otros pasajes de la Biblia que ense\u00f1an los mismos temas. Las notas pueden ser de gran ayuda para los pastores que lallaba qopheessuu o para los maestros de la Escuela Dominical que qopheessuu lecciones.<\/p>\n<b>A Preacher&#8217;s Guide to the book of Genesis (1-4)<\/b>\n\u00a0\nIt is very important that every Christian pastor or teacher understands the first chapters of the Bible. These chapters prepare the reader for everything that follows in the rest of the Bible. This book includes the complete text of Genesis 1-4 and extensive study notes on key verses in these chapters. The study notes focus on Moses&#8217;s intentions. Why did he write the things he wrote in these chapters? Why did he use the words he used? What is the main point of the text? Also, the study notes bring the reader to other places in the Bible that are connected to these important verses. This study begins with a section titled, &#8220;25 things to keep in mind when reading Genesis 1-4.&#8221;\n\u00a0\n<p><strong><a href=\"https:\/\/handstotheplow.wpenginepowered.com\/wp-content\/uploads\/Preachers-Guide-Genesis-Spanish.pdf\" target=\"_blank\" rel=\"noopener\">PDF buufachuu<\/a><\/strong><\/p>\n\t\t<img decoding=\"async\" src=\"https:\/\/handstotheplow.wpenginepowered.com\/wp-content\/uploads\/Genesis.jpg\" alt=\"\"\/>\n<b>A Preacher&#8217;s Guide to the book of Genesis (1-4)<\/b>\n\u00a0\nIt is very important that every Christian pastor or teacher understands the first chapters of the Bible. These chapters prepare the reader for everything that follows in the rest of the Bible. This book includes the complete text of Genesis 1-4 and extensive study notes on key verses in these chapters. The study notes focus on Moses&#8217;s intentions. Why did he write the things he wrote in these chapters? Why did he use the words he used? What is the main point of the text? Also, the study notes bring the reader to other places in the Bible that are connected to these important verses. This study begins with a section titled, &#8220;25 things to keep in mind when reading Genesis 1-4.&#8221;\n\u00a0\n<p><a href=\"https:\/\/handstotheplow.wpenginepowered.com\/wp-content\/uploads\/Preachers-Guide-Genesis-Spanish.pdf\"><strong>PDF buufachuu<\/strong><\/a><\/p>\n\tUumama 1-4\n\t<a class=\"_df_button\"  href=\"#\"  data-slug=\"preachers-guide-genesis-spanish-2\" data-_slug=\"preachers-guide-genesis-spanish-2\" _slug=\"preachers-guide-genesis-spanish-2\" data-title=\"leer-ahora\" id=\"df_2468\" data-df-option=\"df_option_2468\"  >Leer ahora<\/a><script class=\"df-shortcode-script\" nowprocket type=\"application\/javascript\">window.df_option_2468 = {\"source\":\"https:\\\/\\\/handstotheplow.org\\\/wp-content\\\/uploads\\\/Preachers-Guide-Genesis-Spanish-1.pdf\",\"outline\":[],\"autoEnableOutline\":false,\"autoEnableThumbnail\":false,\"overwritePDFOutline\":false,\"pageSize\":\"0\",\"direction\":\"1\",\"slug\":\"preachers-guide-genesis-spanish-2\",\"wpOptions\":\"true\",\"id\":2468}; if(window.DFLIP && window.DFLIP.parseBooks){window.DFLIP.parseBooks();}<\/script>\n\t\t\t<a href=\"https:\/\/handstotheplow.wpenginepowered.com\/wp-content\/uploads\/Preachers-Guide-Genesis-Spanish.pdf\" title=\"Click Here\" target=\"_blank\" rel=\"noopener\"  role=\"button\" aria-label=\"Descargar PDF\">\n\t\t\t\t\t\t\tDescargar PDF\n\t\t<\/a>\n<b>A Preacher&#8217;s Guide to the book of Hosea<\/b>\n\u00a0\nThe book of Hosea is found in the Prophets. This is a great book to study because it provides readers with keys necessary to understand all of the books in the Prophets. Hosea is quoted several times in the New Testament. This allows the reader to see how the Apostles interpreted key verses in this book. This book includes the complete text of Hosea and extensive study notes on key verses in each chapter. This study begins with a section titled, &#8220;20 things to keep in mind when reading Hosea.&#8221;\n\u00a0\n<p><strong><a href=\"https:\/\/handstotheplow.wpenginepowered.com\/wp-content\/uploads\/Preachers-Guide-Hosea-spanish-1.pdf\" target=\"_blank\" rel=\"noopener\">PDF buufachuu<\/a><\/strong><\/p>\n\t\t<img decoding=\"async\" src=\"https:\/\/handstotheplow.wpenginepowered.com\/wp-content\/uploads\/Hosea-2.jpg\" alt=\"\"\/>\n<b>A Preacher&#8217;s Guide to the book of Hosea<\/b>\n\u00a0\nThe book of Hosea is found in the Prophets. This is a great book to study because it provides readers with keys necessary to understand all of the books in the Prophets. Hosea is quoted several times in the New Testament. This allows the reader to see how the Apostles interpreted key verses in this book. This book includes the complete text of Hosea and extensive study notes on key verses in each chapter. This study begins with a section titled, &#8220;20 things to keep in mind when reading Hosea.&#8221;\n\u00a0\n<p><strong><a href=\"https:\/\/handstotheplow.wpenginepowered.com\/wp-content\/uploads\/Preachers-Guide-Hosea-spanish-1.pdf\" target=\"_blank\" rel=\"noopener\">PDF buufachuu<\/a><\/strong><\/p>\n\tOseas jedhamuun beekama\n\t<a class=\"_df_button\"  href=\"#\"  data-slug=\"preachers-guide-hosea-spanish\" data-_slug=\"preachers-guide-hosea-spanish\" _slug=\"preachers-guide-hosea-spanish\" data-title=\"leer-ahora\" id=\"df_2466\" data-df-option=\"df_option_2466\"  >Leer ahora<\/a><script class=\"df-shortcode-script\" nowprocket type=\"application\/javascript\">window.df_option_2466 = {\"source\":\"https:\\\/\\\/handstotheplow.org\\\/wp-content\\\/uploads\\\/Preachers-Guide-Hosea-spanish-1.pdf\",\"outline\":[],\"autoEnableOutline\":false,\"autoEnableThumbnail\":false,\"overwritePDFOutline\":false,\"pageSize\":\"0\",\"direction\":\"1\",\"slug\":\"preachers-guide-hosea-spanish\",\"wpOptions\":\"true\",\"id\":2466}; if(window.DFLIP && window.DFLIP.parseBooks){window.DFLIP.parseBooks();}<\/script>\n\t\t\t<a href=\"https:\/\/handstotheplow.wpenginepowered.com\/wp-content\/uploads\/Preachers-Guide-Hosea-spanish-1.pdf\" title=\"Click Here\" target=\"_blank\" rel=\"noopener\"  role=\"button\" aria-label=\"Descargar PDF\">\n\t\t\t\t\t\t\tDescargar PDF\n\t\t<\/a>\n\t\t\t\t<img decoding=\"async\" src=\"https:\/\/handstotheplow.org\/wp-content\/uploads\/psalms-preachers-guide-english.jpeg\" alt=\"Screenshot\" itemprop=\"image\" height=\"1280\" width=\"837\" title=\"Screenshot\" onerror=\"this.style.display='none'\" loading=\"lazy\" \/>\n\t<p>Salmos 1-19<\/p>\n\t<a class=\"_df_button\"  href=\"#\"  data-slug=\"preachers-guide-psalm-1-19-spanish\" data-_slug=\"preachers-guide-psalm-1-19-spanish\" _slug=\"preachers-guide-psalm-1-19-spanish\" data-title=\"leer-ahora\" id=\"df_3913\" data-df-option=\"df_option_3913\"  >Leer ahora<\/a><script class=\"df-shortcode-script\" nowprocket type=\"application\/javascript\">window.df_option_3913 = {\"source\":\"https:\\\/\\\/handstotheplow.org\\\/wp-content\\\/uploads\\\/Psalm-1-19-8.5x5.5-SPANISH.pdf\",\"outline\":[],\"autoEnableOutline\":false,\"autoEnableThumbnail\":false,\"overwritePDFOutline\":false,\"pageSize\":\"0\",\"direction\":\"1\",\"slug\":\"preachers-guide-psalm-1-19-spanish\",\"wpOptions\":\"true\",\"id\":3913}; if(window.DFLIP && window.DFLIP.parseBooks){window.DFLIP.parseBooks();}<\/script>\n\t\t\t<a href=\"https:\/\/handstotheplow.wpenginepowered.com\/wp-content\/uploads\/Psalm-1-19-8.5x5.5-SPANISH.pdf\" title=\"Click Here\" target=\"_blank\" rel=\"noopener\"  role=\"button\" aria-label=\"Descargar PDF\">\n\t\t\t\t\t\t\tDescargar PDF\n\t\t<\/a>\n\t\t\t\t<img decoding=\"async\" src=\"https:\/\/handstotheplow.wpenginepowered.com\/wp-content\/uploads\/Mark-1.jpg\" alt=\"Mark\" itemprop=\"image\" title=\"Maarqos\" onerror=\"this.style.display='none'\" loading=\"lazy\" \/>\n\t<p>Maarqos<\/p>\nPr\u00f3ximamente nuevos meeshaalee\n\t\t\t\t<img decoding=\"async\" src=\"https:\/\/handstotheplow.wpenginepowered.com\/wp-content\/uploads\/1-Peter.jpg\" alt=\"1 Peter\" itemprop=\"image\" title=\"1 Phexros\" onerror=\"this.style.display='none'\" loading=\"lazy\" \/>\n\t<p>1 Phexros<\/p>\nPr\u00f3ximamente nuevos meeshaalee\n\t\t\t\t<img decoding=\"async\" src=\"https:\/\/handstotheplow.wpenginepowered.com\/wp-content\/uploads\/Revelation.jpg\" alt=\"Revelation\" itemprop=\"image\" title=\"MUL\u2019ATA\" onerror=\"this.style.display='none'\" loading=\"lazy\" \/>\n\t<p>MUL\u2019ATA<\/p>\nPr\u00f3ximamente nuevos meeshaalee\n<h5>\n\t\t<a href=\"#spanish-list\" title=\"Suscr\u00edbase a nuestras actualizaciones para recibir beeksisa cuando estoos qabeenyaa est\u00e9n kan argamu.\"  target=\"_self\">\n\t\t\tSuscr\u00edbase a nuestras actualizaciones para recibir beeksisa cuando estoos qabeenyaa est\u00e9n kan argamu.\t\t<\/a>\n\t<\/h5>\n\t<p>\u00bfTiene alguna pregunta? Kontakteenos.<\/p>\n\t<blockquote>\n<blockquote>\nSi bien nuestros materiales ilma utilizados por muchas denominaciones kiristaanaa, no estamos formalmente afiliados a ninguna denominaci\u00f3n kiristaanaa addaa. Nuestras creencias se alinean kon las creencias sostenidas por la iglesia kiristaanaa hist\u00f3rica.\n<\/blockquote>\n<\/blockquote>\n\t\t\t<a href=\"https:\/\/handstotheplow.wpenginepowered.com\/teaching-resources\/spanish\/statement-of-faith-simplified-chinese-copy\/\" title=\"Click Here\" target=\"_self\"   role=\"button\" aria-label=\"Lea nuestra labsii xumuraa\">\n\t\t\t\t\t\t\tLea nuestra labsii xumuraa\n\t\t<\/a>\n\t\t<h2>\u00bfHirmaataa quiere?<\/h2>\n\t\t\t\tQorannoo, fayyadamuu e imprima los materiales que se encuentran arriba. Tambi\u00e9n lo invitamos a explorar la posibilidad de involucrarse de otras maneras, ya galaana que esto implique solicitar para su \u00e1rea, qindeessituu un seminario de ense\u00f1anza, traducir materiales o dar.\n\t\t\t<a href=\"https:\/\/handstotheplow.wpenginepowered.com\/contact\" title=\"Click Here\" target=\"_self\"   role=\"button\" aria-label=\"Kontakteenos\">\n\t\t\t\t\t\t\tKontakteenos\n\t\t<\/a>\n<h2>\n\t\t\t\u00danase a nuestra lista de correo kan jedhu\t<\/h2>\n\t<h3>\n\t\t\t\t\u00bfInteresado en qabeenya fuulduraa?\n\t\t\t<\/h3>\n\t\t\t<p>Estamos muy contentos de que haya descubierto estoos meeshaalee en espa\u00f1ol. \u00a1Se est\u00e1n desarrollando meeshaalee dabalataa! Reg\u00edstrese aqu\u00ed si desea recibir actualizaciones cuando se hayan traducido al espa\u00f1ol materiales nuevos de Harka gara Qottootti.<\/p>\t\n\t\n\t\n\tHubachiisa: Qabiyyee kanaaf JaavaScript barbaachisa.\n<style>\n        \/* PLUGIN WIDE STYLES *\/\n        .nf-form-content .nf-field-container.button-container .nf-field-element .ninja-forms-field {\n                                    background-color:#ffffff;\n                                            color:#497e6d;\n                    }\n    <\/style>\n        <!-- That data is being printed as a workaround to page builders reordering the order of the scripts loaded-->","protected":false},"excerpt":{"rendered":"<p>Spanish Teaching Resources El p\u00e1rrafo introductorio de la p\u00e1gina de la Gu\u00eda de Predicador: Una Gu\u00eda de Predicador no es un resumen panor\u00e1mico. En cambio, estos libros se centran en un libro de la Biblia o en una porci\u00f3n de un libro de la Biblia. Por ejemplo, la Gu\u00eda de Predicador sobre G\u00e9nesis se enfoca&hellip;<\/p>","protected":false},"author":4,"featured_media":0,"parent":2212,"menu_order":0,"comment_status":"closed","ping_status":"closed","template":"","meta":{"_acf_changed":false,"give_campaign_id":0,"_seopress_robots_primary_cat":"","_seopress_titles_title":"","_seopress_titles_desc":"","_seopress_robots_index":"","_crdt_document":"","footnotes":""},"class_list":["post-3728","page","type-page","status-publish","hentry"],"acf":[],"campaignId":"","_links":{"self":[{"href":"https:\/\/handstotheplow.org\/om\/wp-json\/wp\/v2\/pages\/3728","targetHints":{"allow":["GET"]}}],"collection":[{"href":"https:\/\/handstotheplow.org\/om\/wp-json\/wp\/v2\/pages"}],"about":[{"href":"https:\/\/handstotheplow.org\/om\/wp-json\/wp\/v2\/types\/page"}],"author":[{"embeddable":true,"href":"https:\/\/handstotheplow.org\/om\/wp-json\/wp\/v2\/users\/4"}],"replies":[{"embeddable":true,"href":"https:\/\/handstotheplow.org\/om\/wp-json\/wp\/v2\/comments?post=3728"}],"version-history":[{"count":0,"href":"https:\/\/handstotheplow.org\/om\/wp-json\/wp\/v2\/pages\/3728\/revisions"}],"up":[{"embeddable":true,"href":"https:\/\/handstotheplow.org\/om\/wp-json\/wp\/v2\/pages\/2212"}],"wp:attachment":[{"href":"https:\/\/handstotheplow.org\/om\/wp-json\/wp\/v2\/media?parent=3728"}],"curies":[{"name":"wp","href":"https:\/\/api.w.org\/{rel}","templated":true}]}}